{"id":5574,"date":"2026-02-18T18:05:03","date_gmt":"2026-02-18T18:05:03","guid":{"rendered":"http:\/\/belladentaire.local\/?page_id=5574"},"modified":"2026-02-24T22:30:20","modified_gmt":"2026-02-24T22:30:20","slug":"cookie-policy","status":"publish","type":"page","link":"http:\/\/3.97.59.136\/en\/cookie-policy","title":{"rendered":"Cookie policy"},"content":{"rendered":"\t<section class=\"block hero has-background text-theme-light padding-top-lg padding-bottom-lg align-center-mobile align-center-desktop hero-shorter-mobile\">\n\t\t<div class=\"background\" style=\"--bg-desktop: url(http:\/\/3.97.59.136\/wp-content\/uploads\/2026\/02\/bg.webp);\"><\/div>\t\t\t\t<div class=\"container\">\n\t\t\t\n<div class=\"wrapper\">\n\n    \n    <h1>Cookie <em>policy<\/em>\n<\/h1>   \n\n            <div class=\"hero-text\">\n            <div class=\"date-container\">\n<div class=\"date-item\">\n<p>Effective date<br \/>\nSeptember 1, 2024<\/p>\n<\/div>\n<div class=\"date-divider\"><\/div>\n<div class=\"date-item\">\n<p>Last updated<br \/>\nSeptember 13, 2024<\/p>\n<\/div>\n<\/div>\n        <\/div>\n        \n        <\/div>\n<div id=\"myModal\" class=\"modal\"><\/div>\n\t\t<\/div>\n\t<\/section>\n\t\n\n\t<section class=\"block text-doc padding-top-md padding-bottom-sm bg-color-white\">\n\t\t\t\t\t\t<div class=\"container\">\n\t\t\t\n<section class=\"article-content\">\n        <article class=\"entry-content\">\n        <h2>What are cookies?<\/h2>\n<p>This Cookie Policy explains what cookies are and how we use them, the types of cookies we use i.e, the information we collect using cookies and how that information is used, and how to manage the cookie settings.<\/p>\n<p>Cookies are small text files that are used to store small pieces of information. They are stored on your device when the website is loaded on your browser. These cookies help us make the website function properly, make it more secure, provide a better user experience, and understand how the website performs and to analyze what works and where it needs improvement.<\/p>\n<h2>How do we use cookies?<\/h2>\n<p>As most of the online services, our website uses first-party and third-party cookies for several purposes. First-party cookies are mostly necessary for the website to function the right way, and they do not collect any of your personally identifiable data.<\/p>\n<p>The third-party cookies used on our website are mainly for understanding how the website performs, how you interact with our website, keeping our services secure, providing advertisements that are relevant to you, and all in all providing you with a better and improved user experience and help speed up your future interactions with our website.<\/p>\n<p>Le site\u00a0<a href=\"https:\/\/belladentaire.com\/\">https:\/\/belladentaire.com<\/a>\u00a0peut \u00eatre amen\u00e9 \u00e0 vous demander l\u2019acceptation des cookies pour des besoins de statistiques et d\u2019affichage. Un cookie est une information d\u00e9pos\u00e9e sur votre disque dur par le serveur du site que vous visitez. Il contient plusieurs donn\u00e9es qui sont stock\u00e9es sur votre ordinateur dans un simple fichier texte auquel un serveur acc\u00e8de pour lire et enregistrer des informations. Certaines parties de ce site ne peuvent \u00eatre fonctionnelles sans l\u2019acceptation de cookies.<\/p>\n<h2>Objectifs des cookies utilis\u00e9s sur le site<\/h2>\n<p>Le site internet\u00a0<a href=\"https:\/\/belladentaire.com\/\">https:\/\/belladentaire.com<\/a>\u00a0utilise des cookies aux fins suivantes :<\/p>\n<ul>\n<li>Pour nous aider \u00e0 reconna\u00eetre votre navigateur comme celui d\u2019un visiteur pr\u00e9c\u00e9dent et pour enregistrer les pr\u00e9f\u00e9rences que vous avez d\u00e9termin\u00e9es lors de votre pr\u00e9c\u00e9dente visite sur le site ;<\/li>\n<li>Pour nous aider \u00e0 personnaliser le contenu et les publicit\u00e9s que vous voyez lorsque vous visitez le site ;<\/li>\n<li>Pour nous aider \u00e0 mesurer et \u00e9tudier l\u2019efficacit\u00e9 de notre contenu interactif en ligne, de ses caract\u00e9ristiques, publicit\u00e9s et autres communications ;<\/li>\n<li>Pour suivre les donn\u00e9es analytiques sur le site, l\u2019utilisation faite du site par les utilisateurs et pour am\u00e9liorer les services du site.<\/li>\n<\/ul>\n<h2 class=\"title\">Google Analytics<\/h2>\n<p>Nous utilisons Google Analytics pour collecter de l\u2019information sur la fa\u00e7on dont les visiteurs utilisent le site, et ainsi mieux conna\u00eetre leurs attentes. Cela nous permet d\u2019am\u00e9liorer constamment le site.<\/p>\n<p>Google Analytics enregistre de l\u2019information sur les pages que vous visitez, la dur\u00e9e de la visite, les pages de provenance, etc. Nous ne recevons, ni n\u2019enregistrons aucune information personnelle de type nom ou adresse : ce cookie ne peut donc pas \u00eatre utilis\u00e9 pour vous identifier. Nous n\u2019autorisons pas Google \u00e0 utiliser ou \u00e0 partager avec un tiers les donn\u00e9es de navigation sur notre site.<\/p>\n<h2>Accepter ou refuser les cookies<\/h2>\n<p>Vous disposez de diff\u00e9rents moyens pour g\u00e9rer les cookies.<\/p>\n<p>Vous pouvez configurer votre logiciel de navigation de mani\u00e8re \u00e0 ce que des cookies soient enregistr\u00e9s dans votre terminal ou qu\u2019ils soient rejet\u00e9s, soit syst\u00e9matiquement, soit selon leur \u00e9metteur. Vous pouvez \u00e9galement configurer votre logiciel de navigation de mani\u00e8re \u00e0 ce que l\u2019acceptation ou le refus des Cookies vous soient propos\u00e9s ponctuellement, avant qu\u2019un Cookie soit susceptible d\u2019\u00eatre enregistr\u00e9 dans votre terminal.<\/p>\n<h2>Embedded content from other websites<\/h2>\n<p>Articles on this site may include embedded content (e.g. videos, images, articles, etc.). Embedded content from other websites behaves in the exact same way as if the visitor has visited the other website.<\/p>\n<p>These websites may collect data about you, use cookies, embed additional third-party tracking, and monitor your interaction with that embedded content, including tracking your interaction with the embedded content if you have an account and are logged in to that website.<\/p>\n<h2>Plus d\u2019information sur les cookies<\/h2>\n<p>Sur le site de la CNIL : http:\/\/www.cnil.fr\/vos-droits\/vos-traces\/les-cookies\/<\/p>\n    <\/article>\n<\/section>\n\t\t<\/div>\n\t<\/section>\n\t","protected":false},"excerpt":{"rendered":"","protected":false},"author":1,"featured_media":0,"parent":0,"menu_order":-2,"comment_status":"closed","ping_status":"closed","template":"","meta":{"_acf_changed":false,"footnotes":""},"class_list":["post-5574","page","type-page","status-publish","hentry"],"acf":[],"_links":{"self":[{"href":"http:\/\/3.97.59.136\/en\/wp-json\/wp\/v2\/pages\/5574","targetHints":{"allow":["GET"]}}],"collection":[{"href":"http:\/\/3.97.59.136\/en\/wp-json\/wp\/v2\/pages"}],"about":[{"href":"http:\/\/3.97.59.136\/en\/wp-json\/wp\/v2\/types\/page"}],"author":[{"embeddable":true,"href":"http:\/\/3.97.59.136\/en\/wp-json\/wp\/v2\/users\/1"}],"replies":[{"embeddable":true,"href":"http:\/\/3.97.59.136\/en\/wp-json\/wp\/v2\/comments?post=5574"}],"version-history":[{"count":5,"href":"http:\/\/3.97.59.136\/en\/wp-json\/wp\/v2\/pages\/5574\/revisions"}],"predecessor-version":[{"id":6145,"href":"http:\/\/3.97.59.136\/en\/wp-json\/wp\/v2\/pages\/5574\/revisions\/6145"}],"wp:attachment":[{"href":"http:\/\/3.97.59.136\/en\/wp-json\/wp\/v2\/media?parent=5574"}],"curies":[{"name":"wp","href":"https:\/\/api.w.org\/{rel}","templated":true}]}}