{"id":5562,"date":"2026-02-18T17:57:31","date_gmt":"2026-02-18T17:57:31","guid":{"rendered":"http:\/\/belladentaire.local\/?page_id=5562"},"modified":"2026-02-19T20:49:33","modified_gmt":"2026-02-19T20:49:33","slug":"terms-and-conditions","status":"publish","type":"page","link":"http:\/\/3.97.59.136\/en\/terms-and-conditions","title":{"rendered":"Legal notices"},"content":{"rendered":"\t<section class=\"block hero has-background text-theme-light padding-top-lg padding-bottom-lg align-center-mobile align-center-desktop hero-shorter-mobile\">\n\t\t<div class=\"background\" style=\"--bg-desktop: url(http:\/\/3.97.59.136\/wp-content\/uploads\/2026\/02\/bg.webp);\"><\/div>\t\t\t\t<div class=\"container\">\n\t\t\t\n<div class=\"wrapper\">\n\n    \n    <h1>Legal <em>notices<\/em>\n<\/h1>   \n\n        \n        <\/div>\n<div id=\"myModal\" class=\"modal\"><\/div>\n\t\t<\/div>\n\t<\/section>\n\t\n\n\t<section class=\"block text-doc padding-top-md padding-bottom-sm bg-color-white\">\n\t\t\t\t\t\t<div class=\"container\">\n\t\t\t\n<section class=\"article-content\">\n        <article class=\"entry-content\">\n        <p class=\"title\">Nous vous remercions d\u2019avoir visit\u00e9 le site\u00a0<a href=\"https:\/\/belladentaire.com\/\">https:\/\/belladentaire.com<\/a><\/p>\n<p>&nbsp;<\/p>\n<p><strong>\u00c9diteur du Site :<\/strong>\u00a0Belladentaire<br \/>\n<strong>Adresse:<\/strong>\u00a03200 Bd de la Gare Suite 230<br \/>\nVaudreuil-Dorion<br \/>\nQC J7V 8W5<br \/>\n<strong>Cellulaire:<\/strong>\u00a0(450) 218-9004<br \/>\n<strong>Courriel:<\/strong>\u00a0info@belladentaire.com<br \/>\n<strong>Site internet:<\/strong>\u00a0<a href=\"https:\/\/belladentaire.com\/\">https:\/\/belladentaire.com<\/a><\/p>\n<p>&nbsp;<\/p>\n<p><strong>H\u00e9bergement :<\/strong><br \/>\n<strong>H\u00e9bergeur :<\/strong>\u00a0OVH<br \/>\n<strong>Adresse:<\/strong>\u00a01801 McGill College Ave.<br \/>\nSuite 800<br \/>\nMontreal, Quebec H3A 2N4<br \/>\nCanada<\/p>\n<p>TPS : 81173 6313 RT0001 &#8211; TVQ : 1217691351 TQ0001<br \/>\nOVH HEBERGEMENT INC est une filiale de OVH Groupe SAS, soci\u00e9t\u00e9 inscrite au registre du commerce de Lille sous le num\u00e9ro 537 407 926 sise 2, rue Kellermann, 59100 Roubaix.<\/p>\n<p><strong>Site internet :<\/strong>\u00a0<a href=\"https:\/\/www.ovh.com\/ca\/\" target=\"_blank\" rel=\"noopener\">https:\/\/www.ovh.com\/ca\/<\/a><br \/>\n<strong>Cellulaire:<\/strong>\u00a01-855-684-5463<\/p>\n<p>&nbsp;<\/p>\n<p><strong>D\u00e9veloppement :<\/strong><br \/>\nDubuc Marketing<br \/>\n<strong>Adresse :<\/strong><br \/>\n217, rue Ste-Catherine<br \/>\nSt-Constant (Qu\u00e9bec) J5A 2H3<br \/>\nCanada<\/p>\n<p><strong>Cellulaire:<\/strong>\u00a0450.638.8989<br \/>\n<strong>Courriel :<\/strong>\u00a0<a href=\"mailto: info@dubucmarketing.com\">info@dubucmarketing.com<\/a><br \/>\n<strong>Site internet :<\/strong>\u00a0<a href=\"https:\/\/dubucmarketing.com\/\" target=\"_blank\" rel=\"noopener\">https:\/\/dubucmarketing.com<\/a><\/p>\n<p>&nbsp;<\/p>\n<h2 class=\"title\">Conditions d\u2019utilisation :<\/h2>\n<p>Ce site (<a href=\"https:\/\/belladentaire.com\/\">https:\/\/belladentaire.com<\/a>) est propos\u00e9 en diff\u00e9rents langages web (HTML, HTML5, Javascript, CSS, etc\u2026) pour un meilleur confort d\u2019utilisation et un graphisme plus agr\u00e9able, nous vous recommandons de recourir \u00e0 des navigateurs modernes comme Microsoft Edge, Safari, Firefox, Google Chrome, etc\u2026<\/p>\n<p>Belladentaire met en \u0153uvre tous les moyens dont elle dispose, pour assurer une information fiable et une mise \u00e0 jour fiable de ses sites internet. Toutefois, des erreurs ou omissions peuvent survenir. L\u2019internaute devra donc s\u2019assurer de l\u2019exactitude des informations aupr\u00e8s de\u00a0<a href=\"mailto:info@dubucmarketing.com\">info@dubucmarketing.com<\/a>, et signaler toutes modifications du site qu\u2019il jugerait utile. Belladentaire n\u2019est en aucun cas responsable de l\u2019utilisation faite de ces informations, et de tout pr\u00e9judice direct ou indirect pouvant en d\u00e9couler.<\/p>\n<h2 class=\"title\">Cookies :<\/h2>\n<p>Le site\u00a0<a href=\"https:\/\/belladentaire.com\/\">https:\/\/belladentaire.com<\/a>\u00a0peut \u00eatre amen\u00e9 \u00e0 vous demander l\u2019acceptation des cookies pour des besoins de statistiques et d\u2019affichage. Un cookie est une information d\u00e9pos\u00e9e sur votre disque dur par le serveur du site que vous visitez. Il contient plusieurs donn\u00e9es qui sont stock\u00e9es sur votre ordinateur dans un simple fichier texte auquel un serveur acc\u00e8de pour lire et enregistrer des informations. Certaines parties de ce site ne peuvent \u00eatre fonctionnelles sans l\u2019acceptation de cookies.<\/p>\n<h2>Objectifs des cookies utilis\u00e9s sur le site<\/h2>\n<p>Le site internet\u00a0<a href=\"https:\/\/belladentaire.com\/\">https:\/\/belladentaire.com<\/a>\u00a0utilise des cookies aux fins suivantes :<\/p>\n<ul>\n<li>Pour nous aider \u00e0 reconna\u00eetre votre navigateur comme celui d\u2019un visiteur pr\u00e9c\u00e9dent et pour enregistrer les pr\u00e9f\u00e9rences que vous avez d\u00e9termin\u00e9es lors de votre pr\u00e9c\u00e9dente visite sur le site ;<\/li>\n<li>Pour nous aider \u00e0 personnaliser le contenu et les publicit\u00e9s que vous voyez lorsque vous visitez le site ;<\/li>\n<li>Pour nous aider \u00e0 mesurer et \u00e9tudier l\u2019efficacit\u00e9 de notre contenu interactif en ligne, de ses caract\u00e9ristiques, publicit\u00e9s et autres communications ;<\/li>\n<li>Pour suivre les donn\u00e9es analytiques sur le site, l\u2019utilisation faite du site par les utilisateurs et pour am\u00e9liorer les services du site.<\/li>\n<\/ul>\n<h2 class=\"title\">Google Analytics<\/h2>\n<p>Nous utilisons Google Analytics pour collecter de l\u2019information sur la fa\u00e7on dont les visiteurs utilisent le site, et ainsi mieux conna\u00eetre leurs attentes. Cela nous permet d\u2019am\u00e9liorer constamment le site.<\/p>\n<p>Google Analytics enregistre de l\u2019information sur les pages que vous visitez, la dur\u00e9e de la visite, les pages de provenance, etc. Nous ne recevons, ni n\u2019enregistrons aucune information personnelle de type nom ou adresse : ce cookie ne peut donc pas \u00eatre utilis\u00e9 pour vous identifier. Nous n\u2019autorisons pas Google \u00e0 utiliser ou \u00e0 partager avec un tiers les donn\u00e9es de navigation sur notre site.<\/p>\n<h2>Accepter ou refuser les cookies<\/h2>\n<p>Vous disposez de diff\u00e9rents moyens pour g\u00e9rer les cookies.<\/p>\n<p>Vous pouvez configurer votre logiciel de navigation de mani\u00e8re \u00e0 ce que des cookies soient enregistr\u00e9s dans votre terminal ou qu\u2019ils soient rejet\u00e9s, soit syst\u00e9matiquement, soit selon leur \u00e9metteur. Vous pouvez \u00e9galement configurer votre logiciel de navigation de mani\u00e8re \u00e0 ce que l\u2019acceptation ou le refus des Cookies vous soient propos\u00e9s ponctuellement, avant qu\u2019un Cookie soit susceptible d\u2019\u00eatre enregistr\u00e9 dans votre terminal.<\/p>\n<h2>Plus d\u2019information sur les cookies<\/h2>\n<p>Sur le site de la CNIL : http:\/\/www.cnil.fr\/vos-droits\/vos-traces\/les-cookies\/<\/p>\n<h2 class=\"title\">Liens hypertextes :<\/h2>\n<p>Les sites internet peuvent offrir des liens vers d\u2019autres sites internet ou d\u2019autres ressources disponibles sur Internet. Dubuc Marketing ne dispose d\u2019aucun moyen pour contr\u00f4ler les sites en connexion avec ses sites internet. Dubuc Marketing ne r\u00e9pond pas de la disponibilit\u00e9 de tels sites et sources externes, ni ne la garantit. Elle ne peut \u00eatre tenue pour responsable de tout dommage, de quelque nature que ce soit, r\u00e9sultant du contenu de ces sites ou sources externes, et notamment des informations, produits ou services qu\u2019ils proposent, ou de tout usage qui peut \u00eatre fait de ces \u00e9l\u00e9ments. Les risques li\u00e9s \u00e0 cette utilisation incombent pleinement \u00e0 l\u2019internaute, qui doit se conformer \u00e0 leurs conditions d\u2019utilisation.<\/p>\n<p>Les utilisateurs, les abonn\u00e9s et les visiteurs des sites internet ne peuvent mettre en place un hyperlien en direction de ce site sans l\u2019autorisation expresse et pr\u00e9alable de Belladentaire.<\/p>\n<p>Dans l\u2019hypoth\u00e8se o\u00f9 un utilisateur ou visiteur souhaiterait mettre en place un hyperlien en direction d\u2019un des sites internet de Belladentaire, il lui appartiendra d\u2019adresser un email accessible sur le site afin de formuler sa demande de mise en place d\u2019un hyperlien. Belladentaire se r\u00e9serve le droit d\u2019accepter ou de refuser un hyperlien sans avoir \u00e0 en justifier sa d\u00e9cision.<\/p>\n<h2 class=\"title\">Services fournis :<\/h2>\n<p>Belladentaire s\u2019efforcent de fournir sur le site\u00a0<a href=\"https:\/\/belladentaire.com\/\">https:\/\/belladentaire.com<\/a>\u00a0des informations aussi pr\u00e9cises que possible. Les renseignements figurant sur le site\u00a0<a href=\"https:\/\/belladentaire.com\/\">https:\/\/belladentaire.com<\/a>\u00a0ne sont pas exhaustifs et les photos non contractuelles. Ils sont donn\u00e9s sous r\u00e9serve de modifications ayant \u00e9t\u00e9 apport\u00e9es depuis leur mise en ligne. Par ailleurs, toutes les informations indiqu\u00e9es sur le site\u00a0<a href=\"https:\/\/belladentaire.com\/\">https:\/\/belladentaire.com<\/a>\u00a0sont donn\u00e9es \u00e0 titre indicatif, et sont susceptibles de changer ou d\u2019\u00e9voluer sans pr\u00e9avis.<\/p>\n<h2 class=\"title\">Limitation contractuelle sur les donn\u00e9es :<\/h2>\n<p>Les informations contenues sur ce site sont aussi pr\u00e9cises que possible et le site remis \u00e0 jour \u00e0 diff\u00e9rentes p\u00e9riodes de l\u2019ann\u00e9e, mais peut toutefois contenir des inexactitudes ou des omissions. Si vous constatez une lacune, erreur ou ce qui parait \u00eatre un dysfonctionnement, merci de bien vouloir le signaler par email, \u00e0 l\u2019adresse\u00a0<a href=\"mailto:info@dubucmarketing.com\">info@dubucmarketing.com<\/a>, en d\u00e9crivant le probl\u00e8me de la mani\u00e8re la plus pr\u00e9cise possible (page posant probl\u00e8me, type d\u2019ordinateur et de navigateur utilis\u00e9, \u2026).<\/p>\n<p>Tout contenu t\u00e9l\u00e9charg\u00e9 se fait aux risques et p\u00e9rils de l\u2019utilisateur et sous sa seule responsabilit\u00e9. En cons\u00e9quence, ne saurait \u00eatre tenu responsable d\u2019un quelconque dommage subi par l\u2019ordinateur de l\u2019utilisateur ou d\u2019une quelconque perte de donn\u00e9es cons\u00e9cutives au t\u00e9l\u00e9chargement. De plus, l\u2019utilisateur du site s\u2019engage \u00e0 acc\u00e9der au site en utilisant un mat\u00e9riel r\u00e9cent, ne contenant pas de virus et avec un navigateur de derni\u00e8re g\u00e9n\u00e9ration mis-\u00e0-jour<\/p>\n<p>Les liens hypertextes mis en place dans le cadre du pr\u00e9sent site internet en direction d\u2019autres ressources pr\u00e9sentes sur le r\u00e9seau Internet ne sauraient engager la responsabilit\u00e9 Belladentaire.<\/p>\n<h2 class=\"title\">Propri\u00e9t\u00e9 intellectuelle :<\/h2>\n<p>Tout le contenu pr\u00e9sent sur le site Belladentaire, incluant, de fa\u00e7on non limitative, les graphismes, images, textes, vid\u00e9os, animations, sons, logos, gifs et ic\u00f4nes ainsi que leur mise en forme sont la propri\u00e9t\u00e9 exclusive de la soci\u00e9t\u00e9 Belladentaire \u00e0 l\u2019exception des marques, logos ou contenus appartenant \u00e0 d\u2019autres soci\u00e9t\u00e9s partenaires ou auteurs.<\/p>\n<p>Toute reproduction, distribution, modification, adaptation, retransmission ou publication, m\u00eame partielle, de ces diff\u00e9rents \u00e9l\u00e9ments est strictement interdite sans l\u2019accord par \u00e9crit de Belladentaire. Cette repr\u00e9sentation ou reproduction, par quelque proc\u00e9d\u00e9 que ce soit, constitue une contrefa\u00e7on sanctionn\u00e9e par les articles L.335-2 et suivants du Code de la propri\u00e9t\u00e9 intellectuelle. Le non-respect de cette interdiction constitue une contrefa\u00e7on pouvant engager la responsabilit\u00e9 civile et p\u00e9nale du contrefacteur. En outre, les propri\u00e9taires des Contenus copi\u00e9s pourraient intenter une action en justice \u00e0 votre encontre.<\/p>\n<h2 class=\"title\">D\u00e9claration \u00e0 la CNIL :<\/h2>\n<p>Conform\u00e9ment \u00e0 la loi 78-17 du 6 janvier 1978 (modifi\u00e9e par la loi 2004-801 du 6 ao\u00fbt 2004 relative \u00e0 la protection des personnes physiques \u00e0 l\u2019\u00e9gard des traitements de donn\u00e9es \u00e0 caract\u00e8re personnel) relative \u00e0 l\u2019informatique, aux fichiers et aux libert\u00e9s, ce site n\u2019a pas fait l\u2019objet d\u2019une d\u00e9claration aupr\u00e8s de la Commission nationale de l\u2019informatique et des libert\u00e9s (www.cnil.fr).<\/p>\n<h2 class=\"title\">Litiges :<\/h2>\n<p>Les pr\u00e9sentes conditions du site Belladentaire sont r\u00e9gies par les lois fran\u00e7aises et toute contestation ou litiges qui pourraient na\u00eetre de l\u2019interpr\u00e9tation ou de l\u2019ex\u00e9cution de celles-ci seront de la comp\u00e9tence exclusive des tribunaux dont d\u00e9pend le si\u00e8ge social de la soci\u00e9t\u00e9. La langue de r\u00e9f\u00e9rence, pour le r\u00e8glement de contentieux \u00e9ventuels, est le fran\u00e7ais.<\/p>\n<h2 class=\"title\">Donn\u00e9es personnelles :<\/h2>\n<p>De mani\u00e8re g\u00e9n\u00e9rale, vous n\u2019\u00eates pas tenu de nous communiquer vos donn\u00e9es personnelles lorsque vous visitez notre site Internet\u00a0<a href=\"https:\/\/belladentaire.com\/\">https:\/\/belladentaire.com<\/a>.<\/p>\n<p>Cependant, ce principe comporte certaines exceptions. En effet, pour certains services propos\u00e9s par notre site, vous pouvez \u00eatre amen\u00e9s \u00e0 nous communiquer certaines donn\u00e9es telles que : votre nom, votre fonction, le nom de votre soci\u00e9t\u00e9, votre adresse \u00e9lectronique, et votre num\u00e9ro de t\u00e9l\u00e9phone. Tel est le cas lorsque vous remplissez le formulaire qui vous est propos\u00e9 en ligne, dans la rubrique \u00ab contact \u00bb. Dans tous les cas, vous pouvez refuser de fournir vos donn\u00e9es personnelles. Dans ce cas, vous ne pourrez pas utiliser les services du site, notamment celui de solliciter des renseignements sur notre soci\u00e9t\u00e9, ou de recevoir les lettres d\u2019information.<\/p>\n<p>Enfin, nous pouvons collecter de mani\u00e8re automatique certaines informations vous concernant lors d\u2019une simple navigation sur notre site Internet, notamment : des informations concernant l\u2019utilisation de notre site, comme les zones que vous visitez et les services auxquels vous acc\u00e9dez, votre adresse IP, le type de votre navigateur, vos temps d\u2019acc\u00e8s. De telles informations sont utilis\u00e9es exclusivement \u00e0 des fins de statistiques internes, de mani\u00e8re \u00e0 am\u00e9liorer la qualit\u00e9 des services qui vous sont propos\u00e9s. Les bases de donn\u00e9es sont prot\u00e9g\u00e9es par les dispositions de la loi du 1er juillet 1998 transposant la directive 96\/9 du 11 mars 1996 relative \u00e0 la protection juridique des bases de donn\u00e9es.<\/p>\n<h2>Politique de confidentialit\u00e9 et RGDP<\/h2>\n<p>Le R\u00e8glement G\u00e9n\u00e9ral de Protection des donn\u00e9es (RGPD) entrant en vigueur le 25 mai 2018, d\u00e9finissent les principes \u00e0 respecter lors de la collecte, du traitement et de la conservation de donn\u00e9es personnelles. Ils garantissent aussi les droits pour les personnes concern\u00e9es.<\/p>\n<p>Plusieurs formulaires sont pr\u00e9sents sur le site\u00a0<a href=\"https:\/\/belladentaire.com\/\">https:\/\/belladentaire.com<\/a>afin de collecter les donn\u00e9es d\u2019un visiteur :<\/p>\n<h3 class=\"title\">1 : Objectifs<\/h3>\n<p>Le recueil des donn\u00e9es sur le site\u00a0<a href=\"https:\/\/belladentaire.com\/\">https:\/\/belladentaire.com<\/a>\u00a0a pour objectif de constituer un fichier de gestion des prospects et clients de Dubuc Marketing. Ce fichier est utilis\u00e9 \u00e0 des fins statistiques, pour contacter et\/ou proposer des contenus pertinents aux contacts.<\/p>\n<h3 class=\"title\">2 : Pertinence des donn\u00e9es<\/h3>\n<p>Afin de suivre au mieux l\u2019int\u00e9r\u00eat port\u00e9 par les prospects et clients de Dubuc Marketing, le fichier recueille toutes informations des visiteurs du site\u00a0<a href=\"https:\/\/belladentaire.com\/\">https:\/\/belladentaire.com<\/a>\u00a0relatives \u00e0 l\u2019identit\u00e9, informations professionnelles et son activit\u00e9 sur le site Belladentaire. Conform\u00e9ment \u00e0 la loi informatique et libert\u00e9s, les informations relevant des origines raciales ou ethniques, des opinions politiques, philosophiques ou religieuses, de l\u2019appartenance syndicale, de la sant\u00e9 ou de la vie sexuelle d\u2019une personne ne sont pas collect\u00e9es et sont interdites (donn\u00e9es sensibles).<\/p>\n<h3 class=\"title\">3 : Lic\u00e9it\u00e9 du traitement et conditions applicables au consentement (Art.6 et Art.7 du RGPD)<\/h3>\n<p>Le consentement du traitement de donn\u00e9es \u00e0 caract\u00e8re personnelle d\u2019un visiteur est syst\u00e9matiquement obtenu pour une ou plusieurs finalit\u00e9s sp\u00e9cifiques. Par exemple, lors de la saisie d\u2019un formulaire d\u2019inscription \u00e0 la newsletter ou de t\u00e9l\u00e9chargement d\u2019une ressource, l\u2019obtention de l\u2019adresse email du visiteur a pour but de lui adresser une notification lors de nouvelles publications ou de lui proposer des ressources susceptibles de l\u2019int\u00e9resser.<\/p>\n<h3 class=\"title\">4 : Conservation des donn\u00e9es<\/h3>\n<p>Les donn\u00e9es recueillies sur le site\u00a0<a href=\"https:\/\/belladentaire.com\/\">https:\/\/belladentaire.com<\/a>\u00a0sont conserv\u00e9es pour une dur\u00e9e maximale de 12 mois pour les contacts anonymes, apr\u00e8s la derni\u00e8re activit\u00e9 sur le site web par la personne. En revanche, pour les contacts identifi\u00e9s, les donn\u00e9es recueillies sur le site\u00a0<a href=\"https:\/\/belladentaire.com\/\">https:\/\/belladentaire.com<\/a>\u00a0sont conserv\u00e9es pour une dur\u00e9e maximale de 36 mois. \u00c0 l\u2019issue de ces p\u00e9riodes, toutes les donn\u00e9es relatives \u00e0 la personne sont automatiquement supprim\u00e9es.<\/p>\n<h3 class=\"title\">5 : Droits des personnes (Art.16 \u00e0 20 du RGPD)<\/h3>\n<p>Conform\u00e9ment \u00e0 la loi informatique et libert\u00e9s et au RGPD, toutes personnes peut exercer son droit d\u2019acc\u00e8s, de rectification, d\u2019opposition, \u00e0 la limitation des traitements, \u00e0 la suppression et la portabilit\u00e9 des donn\u00e9es le concernant en faisant la demande par courrier sign\u00e9 et accompagn\u00e9 de la copie d\u2019un titre d\u2019identit\u00e9 \u00e0 l\u2019adresse du si\u00e8ge social, ou en envoyant un mail \u00e0 notre agent responsable des normes de confidentialit\u00e9 \u00e0\u00a0<a href=\"https:\/\/belladentaire.com\/\">https:\/\/belladentaire.com<\/a><\/p>\n<p>Le responsable du fichier effectuera une r\u00e9ponse au plus tard dans le mois suivant la demande d\u2019acc\u00e8s ou de rectification.<\/p>\n<h3 class=\"title\">6 : S\u00e9curit\u00e9 des donn\u00e9es et traitements (Art. 32 du RGPD)<\/h3>\n<p>Les donn\u00e9es recueillies sur le site\u00a0<a href=\"https:\/\/belladentaire.com\/\">https:\/\/belladentaire.com<\/a>\u00a0et les traitements associ\u00e9s, sont h\u00e9berg\u00e9es par la soci\u00e9t\u00e9 Dubuc Marketing. Seules les personnes li\u00e9es au service technique, marketing et commercial de la soci\u00e9t\u00e9 Dubuc Marketing et ses sous-traitants ont acc\u00e8s aux informations recueillies sur le site\u00a0<a href=\"https:\/\/belladentaire.com\/\">https:\/\/belladentaire.com<\/a><\/p>\n<h3 class=\"title\">7 : Atteinte aux donn\u00e9es et communication sous 72h (Art. 33 et Art. 34 du RGPD)<\/h3>\n<p>En cas de violation ou suspicion de violation de donn\u00e9es \u00e0 caract\u00e8res personnels, Dubuc Marketing et ses sous-traitants notifieront la CNIL, 72h au plus tard, apr\u00e8s en avoir pris connaissance.<\/p>\n    <\/article>\n<\/section>\n\t\t<\/div>\n\t<\/section>\n\t","protected":false},"excerpt":{"rendered":"","protected":false},"author":1,"featured_media":0,"parent":0,"menu_order":-2,"comment_status":"closed","ping_status":"closed","template":"","meta":{"_acf_changed":false,"footnotes":""},"class_list":["post-5562","page","type-page","status-publish","hentry"],"acf":[],"_links":{"self":[{"href":"http:\/\/3.97.59.136\/en\/wp-json\/wp\/v2\/pages\/5562","targetHints":{"allow":["GET"]}}],"collection":[{"href":"http:\/\/3.97.59.136\/en\/wp-json\/wp\/v2\/pages"}],"about":[{"href":"http:\/\/3.97.59.136\/en\/wp-json\/wp\/v2\/types\/page"}],"author":[{"embeddable":true,"href":"http:\/\/3.97.59.136\/en\/wp-json\/wp\/v2\/users\/1"}],"replies":[{"embeddable":true,"href":"http:\/\/3.97.59.136\/en\/wp-json\/wp\/v2\/comments?post=5562"}],"version-history":[{"count":4,"href":"http:\/\/3.97.59.136\/en\/wp-json\/wp\/v2\/pages\/5562\/revisions"}],"predecessor-version":[{"id":5597,"href":"http:\/\/3.97.59.136\/en\/wp-json\/wp\/v2\/pages\/5562\/revisions\/5597"}],"wp:attachment":[{"href":"http:\/\/3.97.59.136\/en\/wp-json\/wp\/v2\/media?parent=5562"}],"curies":[{"name":"wp","href":"https:\/\/api.w.org\/{rel}","templated":true}]}}